{"id":54,"date":"2025-11-21T10:23:32","date_gmt":"2025-11-21T09:23:32","guid":{"rendered":"https:\/\/www.aero-drone-normandie.fr\/?page_id=54"},"modified":"2026-02-26T09:45:19","modified_gmt":"2026-02-26T08:45:19","slug":"a-propos","status":"publish","type":"page","link":"https:\/\/www.aero-drone-normandie.fr\/index.php\/a-propos\/","title":{"rendered":"A propos"},"content":{"rendered":"\t\t<div data-elementor-type=\"wp-page\" data-elementor-id=\"54\" class=\"elementor elementor-54\">\n\t\t\t\t<div class=\"elementor-element elementor-element-7175f8c e-flex e-con-boxed e-con e-parent\" data-id=\"7175f8c\" data-element_type=\"container\" data-e-type=\"container\">\n\t\t\t\t\t<div class=\"e-con-inner\">\n\t\t\t\t<div class=\"elementor-element elementor-element-253e6d5 elementor-widget elementor-widget-text-editor\" data-id=\"253e6d5\" data-element_type=\"widget\" data-e-type=\"widget\" data-widget_type=\"text-editor.default\">\n\t\t\t\t\t\t\t\t\t<p>Je suis passionn\u00e9 par l\u2019aviation et tout ce qui vole. L\u2019a\u00e9rien est dans mon ADN.<\/p><p>Je suis pilote d\u2019ULM pendulaire et 3 axes et j\u2019ai souhait\u00e9 vous faire partager la vision extraordinaire de la terre vue du ciel \u00e0 travers la photographie et la vid\u00e9o a\u00e9rienne.<\/p><p>Le drone est l\u2019acteur principal de ADN 76. Le drone est petit, pr\u00e9cis, fiable, agile et tr\u00e8s maniable. C\u2019est un v\u00e9ritable colibri avec une cam\u00e9ra qui nous donne des prises de vue exceptionnelle, de haute qualit\u00e9 et abordable.<\/p><p>\u00c9lectronicien \/ informaticien, photographe, j\u2019ai donc compl\u00e9t\u00e9 ma zone d\u2019activit\u00e9 a\u00e9rienne avec des formations pour \u00eatre t\u00e9l\u00e9pilote de drone professionnel :<br \/>&#8211; Certificat d\u2019Aptitudes t\u00e9l\u00e9pilote dans les sous-cat\u00e9gories A1 et A3 d\u00e9livr\u00e9 par la DGAC ;<br \/>&#8211; Certificat d\u2019Aptitudes Th\u00e9oriques pour les Sc\u00e9narios europ\u00e9ens (CATS) :<br \/>\u00a0 \u00a0&#8211; STS-01 : Vols \u00e0 vue (VLOS) pr\u00e9s des zones peupl\u00e9s avec des drones de classe C5.<br \/>\u00a0 \u00a0&#8211; STS-02 : Vols hors de vue (BVLOS) dans des zones faiblement peupl\u00e9es ou contr\u00f4l\u00e9es, avec des drones de classe C6.<br \/>&#8211; Certificat d\u2019aptitude pratique t\u00e9l\u00e9pilote UAS\u00a0;<br \/>&#8211; Certificat Piloter un drone dans le secteur du m\u00e9dia et de la communication.<\/p><p>Auto entrepreneur de l\u2019entreprise \u00ab AeroDroneNormandie \u00bb, je suis \u00e0 la disposition des particuliers, des entreprises et collectivit\u00e9s pour des inspections et des prises de vues a\u00e9riennes.<\/p>\t\t\t\t\t\t\t\t<\/div>\n\t\t<div class=\"elementor-element elementor-element-7015e6e e-grid e-con-full e-con e-child\" data-id=\"7015e6e\" data-element_type=\"container\" data-e-type=\"container\">\n\t\t\t\t<div class=\"elementor-element elementor-element-6b3b895 elementor-widget elementor-widget-image\" data-id=\"6b3b895\" data-element_type=\"widget\" data-e-type=\"widget\" data-widget_type=\"image.default\">\n\t\t\t\t\t\t\t\t\t\t\t\t<figure class=\"wp-caption\">\n\t\t\t\t\t\t\t\t\t\t\t<a href=\"https:\/\/www.aero-drone-normandie.fr\/\">\n\t\t\t\t\t\t\t<img fetchpriority=\"high\" decoding=\"async\" width=\"300\" height=\"300\" src=\"https:\/\/www.aero-drone-normandie.fr\/wp-content\/uploads\/2025\/11\/Logo-transparent-z-300x300.png\" class=\"attachment-medium size-medium wp-image-82\" alt=\"ADN 76\" srcset=\"https:\/\/www.aero-drone-normandie.fr\/wp-content\/uploads\/2025\/11\/Logo-transparent-z-300x300.png 300w, https:\/\/www.aero-drone-normandie.fr\/wp-content\/uploads\/2025\/11\/Logo-transparent-z-150x150.png 150w, https:\/\/www.aero-drone-normandie.fr\/wp-content\/uploads\/2025\/11\/Logo-transparent-z.png 1024w\" sizes=\"(max-width: 300px) 100vw, 300px\" \/>\t\t\t\t\t\t\t\t<\/a>\n\t\t\t\t\t\t\t\t\t\t\t<figcaption class=\"widget-image-caption wp-caption-text\">ADN 76<\/figcaption>\n\t\t\t\t\t\t\t\t\t\t<\/figure>\n\t\t\t\t\t\t\t\t\t<\/div>\n\t\t\t\t<div class=\"elementor-element elementor-element-f2964b3 elementor-widget elementor-widget-text-editor\" data-id=\"f2964b3\" data-element_type=\"widget\" data-e-type=\"widget\" data-widget_type=\"text-editor.default\">\n\t\t\t\t\t\t\t\t\t<h2><strong><span style=\"color: #3b63db;\">Aero<\/span><\/strong><br \/><strong><span style=\"color: #3b63db;\">Drone<\/span><\/strong><br \/><strong><span style=\"color: #3b63db;\">Normandie<\/span><\/strong><\/h2><p>Prises de vues et vid\u00e9os a\u00e9riennes.<br \/>76 &#8211; Rouen<br \/><a href=\"https:\/\/www.aero-drone-normandie.fr\/index.php\/contact\/\">Contact AeroDroneNormandie 76<\/a><\/p>\t\t\t\t\t\t\t\t<\/div>\n\t\t\t\t<\/div>\n\t\t\t\t\t<\/div>\n\t\t\t\t<\/div>\n\t\t\t\t<\/div>\n\t\t","protected":false},"excerpt":{"rendered":"<p>Je suis passionn\u00e9 par l\u2019aviation et tout ce qui vole. L\u2019a\u00e9rien est dans mon ADN. Je suis pilote d\u2019ULM pendulaire et 3 axes et j\u2019ai souhait\u00e9 vous faire partager la vision extraordinaire de la terre vue du ciel \u00e0 travers la photographie et la vid\u00e9o a\u00e9rienne. Le drone est l\u2019acteur [&hellip;]<\/p>\n","protected":false},"author":1,"featured_media":51,"parent":0,"menu_order":0,"comment_status":"closed","ping_status":"closed","template":"elementor_theme","meta":{"inspiro_page_layout":"narrow","inspiro_hide_title":false,"footnotes":""},"class_list":["post-54","page","type-page","status-publish","has-post-thumbnail","hentry"],"_links":{"self":[{"href":"https:\/\/www.aero-drone-normandie.fr\/index.php\/wp-json\/wp\/v2\/pages\/54","targetHints":{"allow":["GET"]}}],"collection":[{"href":"https:\/\/www.aero-drone-normandie.fr\/index.php\/wp-json\/wp\/v2\/pages"}],"about":[{"href":"https:\/\/www.aero-drone-normandie.fr\/index.php\/wp-json\/wp\/v2\/types\/page"}],"author":[{"embeddable":true,"href":"https:\/\/www.aero-drone-normandie.fr\/index.php\/wp-json\/wp\/v2\/users\/1"}],"replies":[{"embeddable":true,"href":"https:\/\/www.aero-drone-normandie.fr\/index.php\/wp-json\/wp\/v2\/comments?post=54"}],"version-history":[{"count":22,"href":"https:\/\/www.aero-drone-normandie.fr\/index.php\/wp-json\/wp\/v2\/pages\/54\/revisions"}],"predecessor-version":[{"id":567,"href":"https:\/\/www.aero-drone-normandie.fr\/index.php\/wp-json\/wp\/v2\/pages\/54\/revisions\/567"}],"wp:featuredmedia":[{"embeddable":true,"href":"https:\/\/www.aero-drone-normandie.fr\/index.php\/wp-json\/wp\/v2\/media\/51"}],"wp:attachment":[{"href":"https:\/\/www.aero-drone-normandie.fr\/index.php\/wp-json\/wp\/v2\/media?parent=54"}],"curies":[{"name":"wp","href":"https:\/\/api.w.org\/{rel}","templated":true}]}}