{"id":53,"date":"2025-11-21T10:23:33","date_gmt":"2025-11-21T09:23:33","guid":{"rendered":"https:\/\/www.aero-drone-normandie.fr\/?page_id=53"},"modified":"2026-02-02T10:58:27","modified_gmt":"2026-02-02T09:58:27","slug":"homepage","status":"publish","type":"page","link":"https:\/\/www.aero-drone-normandie.fr\/","title":{"rendered":"Homepage"},"content":{"rendered":"\t\t<div data-elementor-type=\"wp-page\" data-elementor-id=\"53\" class=\"elementor elementor-53\">\n\t\t\t\t<div class=\"elementor-element elementor-element-2a1cc10 e-con-full e-flex e-con e-parent\" data-id=\"2a1cc10\" data-element_type=\"container\" data-e-type=\"container\">\n\t\t\t\t<div class=\"elementor-element elementor-element-13cc39ae elementor-widget elementor-widget-text-editor\" data-id=\"13cc39ae\" data-element_type=\"widget\" data-e-type=\"widget\" data-widget_type=\"text-editor.default\">\n\t\t\t\t\t\t\t\t\t\n<div class=\"wp-block-cover alignfull is-light\" style=\"min-height: 100vh;aspect-ratio:unset;\"><video class=\"wp-block-cover__video-background intrinsic-ignore\" style=\"object-position: 51% 56%;\" src=\"https:\/\/demo.wpzoom.com\/inspiro-lite\/files\/2022\/03\/Pexels-Videos-1409899-1.mp4\" autoplay=\"autoplay\" loop=\"loop\" muted=\"\" width=\"300\" height=\"150\" data-object-fit=\"cover\" data-object-position=\"51% 56%\"><\/video>\n<div class=\"wp-block-cover__inner-container has-global-padding is-layout-constrained wp-block-cover-is-layout-constrained\">\n<p class=\"has-text-align-center has-white-color has-text-color has-max-60-font-size\" style=\"font-style: normal; font-weight: 900; line-height: 1.2; text-align: left;\"><strong>Aero<br \/>Drone<br \/>Normandie<\/strong><\/p>\n\n<p class=\"has-text-align-center has-white-color has-text-color has-medium-font-size\">Depuis toujours je suis passionn\u00e9 par tout ce qui vole, c\u2019est dans mon ADN.<br \/>Je vous propose de mettre \u00e0 votre disposition mon exp\u00e9rience et de partager ma passion de la vision de notre plan\u00e8te vue d\u2019en haut.<br \/>Le drone \u00e9quip\u00e9 d\u2019une cam\u00e9ra est \u00e0 l\u2019origine d\u2019une \u00ab r\u00e9volution \u00bb dans la photographie et la vid\u00e9o.<br \/>Compl\u00e9mentaire \u00e0 la prise de vue terrestre, le nouvel angle de vue permet de se d\u00e9marquer et valoriser un lieu, un bien, un \u00e9v\u00e9nement, une histoire.<\/p>\n<\/div>\n<\/div>\n<div class=\"wp-block-group\">\n<h2 class=\"wp-block-heading has-text-align-center has-medium-font-size\" style=\"letter-spacing: 1px;\">Des prestations dans l\u2019expertise, la flexibilit\u00e9 et la s\u00e9curit\u00e9 :<\/h2>\n<\/div>\n<div class=\"wp-block-group alignfull is-content-justification-center is-layout-flex wp-container-core-buttons-is-layout-a89b3969 wp-block-buttons-is-layout-flex\">\n<div class=\"wp-block-group\" style=\"padding-top: var(--wp--preset--spacing--small); padding-bottom: var(--wp--preset--spacing--small);\">\n<div class=\"wp-block-columns has-global-padding is-layout-constrained wp-block-group-is-layout-constrained\">\n<div class=\"wp-block-column is-vertically-aligned-center is-layout-flow wp-block-column-is-layout-flow\">\n<h2 class=\"wp-block-heading has-medium-font-size\" style=\"text-transform: uppercase;\">\u00c9v\u00e9nementiel\u00a0<\/h2>\n\n<p>Prises de vues et vid\u00e9os a\u00e9riennes pour les particuliers, les entreprises ou les collectivit\u00e9s. (Mariage, f\u00eate, concert, loisirs, valorisation d\u2019un bien, d\u2019un lieu touristique &#8230;)<\/p>\n\n<div class=\"wp-block-buttons is-horizontal is-content-justification-left is-layout-flex wp-container-core-buttons-is-layout-20be11b6 wp-block-buttons-is-layout-flex\">\n<div class=\"wp-block-button is-style-outline is-style-outline--5\"><a class=\"wp-block-button__link wp-element-button\" style=\"border-radius: 0px;\" href=\"https:\/\/www.aero-drone-normandie.fr\/?page_id=55\">contact<\/a><\/div>\n<\/div>\n\n<p>\u00a0<\/p>\n<\/div>\n\n<div class=\"wp-block-column is-layout-flow wp-block-column-is-layout-flow\">\n<figure class=\"wp-block-image size-large\"><img fetchpriority=\"high\" decoding=\"async\" class=\"alignnone size-medium wp-image-106\" src=\"https:\/\/www.aero-drone-normandie.fr\/wp-content\/uploads\/2026\/01\/Marathon-300x222.png\" alt=\"Manifestation sportive\" width=\"300\" height=\"222\" srcset=\"https:\/\/www.aero-drone-normandie.fr\/wp-content\/uploads\/2026\/01\/Marathon-300x222.png 300w, https:\/\/www.aero-drone-normandie.fr\/wp-content\/uploads\/2026\/01\/Marathon-1024x756.png 1024w, https:\/\/www.aero-drone-normandie.fr\/wp-content\/uploads\/2026\/01\/Marathon-768x567.png 768w, https:\/\/www.aero-drone-normandie.fr\/wp-content\/uploads\/2026\/01\/Marathon-1000x739.png 1000w, https:\/\/www.aero-drone-normandie.fr\/wp-content\/uploads\/2026\/01\/Marathon-758x560.png 758w, https:\/\/www.aero-drone-normandie.fr\/wp-content\/uploads\/2026\/01\/Marathon-600x443.png 600w, https:\/\/www.aero-drone-normandie.fr\/wp-content\/uploads\/2026\/01\/Marathon.png 1201w\" sizes=\"(max-width: 300px) 100vw, 300px\" \/><\/figure>\n<\/div>\n<\/div>\n<\/div>\n<\/div>\n\n<div class=\"wp-block-group alignfull has-background has-global-padding is-layout-constrained wp-block-group-is-layout-constrained\">\n<div class=\"wp-block-group\" style=\"padding-top: var(--wp--preset--spacing--small); padding-bottom: var(--wp--preset--spacing--small);\">\n<div class=\"wp-block-columns are-vertically-aligned-center has-global-padding is-layout-constrained wp-block-group-is-layout-constrained\">\n<div class=\"wp-block-column is-vertically-aligned-center is-layout-flow wp-block-column-is-layout-flow\">\n<figure class=\"wp-block-image size-large\"><img decoding=\"async\" class=\"alignnone size-medium wp-image-104\" src=\"https:\/\/www.aero-drone-normandie.fr\/wp-content\/uploads\/2026\/01\/Chantier-300x169.png\" alt=\"Chantiers\" width=\"300\" height=\"169\" srcset=\"https:\/\/www.aero-drone-normandie.fr\/wp-content\/uploads\/2026\/01\/Chantier-300x169.png 300w, https:\/\/www.aero-drone-normandie.fr\/wp-content\/uploads\/2026\/01\/Chantier.png 571w\" sizes=\"(max-width: 300px) 100vw, 300px\" \/><\/figure>\n<\/div>\n\n<div class=\"wp-block-column is-vertically-aligned-center is-layout-flow wp-block-column-is-layout-flow\">\n<h2 class=\"wp-block-heading has-medium-font-size\" style=\"text-transform: uppercase;\">Suivi de chantiers<\/h2>\n\n<p>Une vue \u00e9tape par \u00e9tape de vos chantiers<\/p>\n\n<div class=\"wp-block-buttons is-layout-flex wp-block-buttons-is-layout-flex\">\n<div class=\"wp-block-button is-style-outline is-style-outline--6\"><a class=\"wp-block-button__link wp-element-button\" style=\"border-radius: 0px;\" href=\"https:\/\/www.aero-drone-normandie.fr\/?page_id=55\">Me Contacter<\/a><\/div>\n<\/div>\n<\/div>\n<\/div>\n<\/div>\n<\/div>\n<div class=\"wp-block-group alignfull\">\n<div class=\"wp-block-group\" style=\"padding-top: var(--wp--preset--spacing--small); padding-bottom: var(--wp--preset--spacing--small);\">\n<div class=\"wp-block-columns has-global-padding is-layout-constrained wp-block-group-is-layout-constrained\">\n<div class=\"wp-block-column is-vertically-aligned-center is-layout-flow wp-block-column-is-layout-flow\">\n<h2 class=\"wp-block-heading has-medium-font-size\" style=\"text-transform: uppercase;\">Inspections de b\u00e2timents<\/h2>\n\n<p>Visite technique, toits, chemin\u00e9es, goutti\u00e8res, murs, \u00e9oliennes, ponts, &#8230;<\/p>\n\n<div class=\"wp-block-buttons is-horizontal is-content-justification-left is-layout-flex wp-container-core-buttons-is-layout-20be11b6 wp-block-buttons-is-layout-flex\">\n<div class=\"wp-block-button is-style-outline is-style-outline--7\"><a class=\"wp-block-button__link wp-element-button\" style=\"border-radius: 0px;\" href=\"https:\/\/www.aero-drone-normandie.fr\/?page_id=55\">Contact<\/a><\/div>\n<\/div>\n\n<p>\u00a0<\/p>\n<\/div>\n\n<div class=\"wp-block-column is-layout-flow wp-block-column-is-layout-flow\">\n<figure class=\"wp-block-image size-large\"><img decoding=\"async\" class=\"alignnone size-medium wp-image-105\" src=\"https:\/\/www.aero-drone-normandie.fr\/wp-content\/uploads\/2026\/01\/Eoliennes-300x225.png\" alt=\"Eoliennes\" width=\"300\" height=\"225\" srcset=\"https:\/\/www.aero-drone-normandie.fr\/wp-content\/uploads\/2026\/01\/Eoliennes-300x225.png 300w, https:\/\/www.aero-drone-normandie.fr\/wp-content\/uploads\/2026\/01\/Eoliennes-600x451.png 600w, https:\/\/www.aero-drone-normandie.fr\/wp-content\/uploads\/2026\/01\/Eoliennes.png 612w\" sizes=\"(max-width: 300px) 100vw, 300px\" \/><\/figure>\n<\/div>\n<\/div>\n\n<div class=\"wp-block-spacer\" style=\"height: 30px;\" aria-hidden=\"true\">\u00a0<\/div>\n<\/div>\n<\/div>\n\n<div class=\"wp-block-group alignfull has-background has-global-padding is-layout-constrained wp-block-group-is-layout-constrained\">\n<div class=\"wp-block-group\" style=\"padding-top: var(--wp--preset--spacing--small); padding-bottom: var(--wp--preset--spacing--small);\">\n<div class=\"wp-block-columns are-vertically-aligned-center has-global-padding is-layout-constrained wp-block-group-is-layout-constrained\">\n<div class=\"wp-block-column is-vertically-aligned-center is-layout-flow wp-block-column-is-layout-flow\">\n<figure class=\"wp-block-image size-large\"><img loading=\"lazy\" decoding=\"async\" class=\"alignnone size-medium wp-image-107\" src=\"https:\/\/www.aero-drone-normandie.fr\/wp-content\/uploads\/2026\/01\/Meulesfoins-300x200.png\" alt=\"Champs\" width=\"300\" height=\"200\" srcset=\"https:\/\/www.aero-drone-normandie.fr\/wp-content\/uploads\/2026\/01\/Meulesfoins-300x200.png 300w, https:\/\/www.aero-drone-normandie.fr\/wp-content\/uploads\/2026\/01\/Meulesfoins-600x399.png 600w, https:\/\/www.aero-drone-normandie.fr\/wp-content\/uploads\/2026\/01\/Meulesfoins.png 628w\" sizes=\"(max-width: 300px) 100vw, 300px\" \/><\/figure>\n<\/div>\n\n<div class=\"wp-block-column is-vertically-aligned-center is-layout-flow wp-block-column-is-layout-flow\">\n<h2 class=\"wp-block-heading has-medium-font-size\" style=\"text-transform: uppercase;\">Inspections dans l\u2019agriculture<\/h2>\n\n<p>Vue\/ carte du champ, \u00e9tat des cultures &#8230;<\/p>\n\n<div class=\"wp-block-buttons is-layout-flex wp-block-buttons-is-layout-flex\">\n<div class=\"wp-block-button is-style-outline is-style-outline--8\"><a class=\"wp-block-button__link wp-element-button\" style=\"border-radius: 0px;\" href=\"https:\/\/www.aero-drone-normandie.fr\/?page_id=55\">Me Contacter<\/a><\/div>\n<\/div>\n<\/div>\n<\/div>\n\n<h2 aria-hidden=\"true\">Prenons de la hauteur pour visualiser vos futurs projets\u00a0dans la 3\u00e8me dimension.<\/h2>\n<div aria-hidden=\"true\">R\u00e9alisations de prises de vues photos et vid\u00e9os en Ultra Haute D\u00e9finition, de qualit\u00e9 professionnelle et en toute s\u00e9curit\u00e9:<\/div>\n<\/div>\n<\/div>\n<div id=\"team\" class=\"wp-block-group\">\n<div class=\"wp-block-group\"><\/div>\n<\/div>\n<!-- \/wp:group --><!-- wp:cover {\"url\":\"https:\/\/www.aero-drone-normandie.fr\/wp-content\/themes\/inspiro\/assets\/images\/StockSnap_M6D1GS9PSL.jpg\",\"id\":24,\"hasParallax\":true,\"dimRatio\":40,\"overlayColor\":\"black\",\"isUserOverlayColor\":true,\"minHeightUnit\":\"px\",\"contentPosition\":\"center center\",\"align\":\"full\",\"className\":\"is-position-center-center\",\"style\":{\"border\":{\"radius\":\"0px\"}}} -->\n<div class=\"wp-block-cover alignfull has-parallax is-position-center-center\" style=\"border-radius: 0px;\">\n<h1 class=\"wp-block-cover__image-background wp-image-24 has-parallax\" style=\"background-position: 50% 50%; background-image: url('https:\/\/www.aero-drone-normandie.fr\/wp-content\/themes\/inspiro\/assets\/images\/StockSnap_M6D1GS9PSL.jpg'); text-align: left;\">\u00a0<\/h1>\n<div class=\"wp-block-cover__inner-container\">\n<h1 style=\"text-align: left;\"><!-- wp:group {\"layout\":{\"type\":\"constrained\"}} --><\/h1>\n<div class=\"wp-block-group\">\n<h2 class=\"has-text-align-center has-white-color has-text-color\" style=\"text-align: left;\"><br \/>&#8211; <span style=\"color: #ede6e6;\">Images HDR(High Dynamic Range) et vid\u00e9o ultra HD jusqu\u2019en 4K 60 i\/s et 100 i\/s <\/span><br \/><span style=\"color: #ede6e6;\">&#8211; Format RAW et\/ou JPEG 48 Mpx <\/span><br \/><span style=\"color: #ede6e6;\">&#8211; Panorama grand angle et sph\u00e8re pour un visionnage 360\u00b0.<\/span><br \/><br \/><\/h2>\n<!-- \/wp:paragraph --><!-- wp:spacer {\"height\":\"31px\"} -->\n<div class=\"wp-block-spacer\" style=\"height: 31px;\" aria-hidden=\"true\">\u00a0<\/div>\n<!-- \/wp:spacer --><!-- wp:buttons {\"layout\":{\"type\":\"flex\",\"justifyContent\":\"center\",\"orientation\":\"horizontal\"}} -->\n<div class=\"wp-block-buttons\"><!-- wp:button {\"textColor\":\"white\",\"className\":\"is-style-outline\",\"style\":{\"border\":{\"radius\":\"0px\"}}} -->\n<div class=\"wp-block-button is-style-outline\"><a class=\"wp-block-button__link has-white-color has-text-color wp-element-button\" style=\"border-radius: 0px;\" href=\"https:\/\/www.aero-drone-normandie.fr\/?page_id=55\">CONTACT<\/a><\/div>\n<!-- \/wp:button --><\/div>\n<!-- \/wp:buttons --><\/div>\n<!-- \/wp:group --><\/div>\n<\/div>\n<div class=\"wp-block-spacer\" style=\"height: 33px;\" aria-hidden=\"true\"><br \/>Le drone est un a\u00e9ronef qui doit respecter les r\u00e8gles de l\u2019air et de navigabilit\u00e9 DGAC (Direction G\u00e9n\u00e9rale de l\u2019Aviation Civile).<br \/>Votre t\u00e9l\u00e9pilote professionnel \u00e0 toutes les qualifications n\u00e9cessaires pour effectuer des interventions en zones r\u00e9glement\u00e9es.<\/div>\n<div id=\"news\" class=\"wp-block-group\">\n<div class=\"wp-block-query\">\n<p>\u00a0<\/p>\n<\/div>\n<div class=\"wp-block-spacer\" style=\"height: 85px;\" aria-hidden=\"true\">\u00a0<\/div>\n<\/div>\n<!-- \/wp:group --><!-- wp:paragraph -->\n<p>\u00a0<\/p>\n<!-- \/wp:paragraph -->\t\t\t\t\t\t\t\t<\/div>\n\t\t\t\t<\/div>\n\t\t<div class=\"elementor-element elementor-element-38a54fd e-grid e-con-boxed e-con e-parent\" data-id=\"38a54fd\" data-element_type=\"container\" data-e-type=\"container\">\n\t\t\t\t\t<div class=\"e-con-inner\">\n\t\t\t\t<div class=\"elementor-element elementor-element-6edd2b1 elementor-widget elementor-widget-text-editor\" data-id=\"6edd2b1\" data-element_type=\"widget\" data-e-type=\"widget\" data-widget_type=\"text-editor.default\">\n\t\t\t\t\t\t\t\t\t<h2><img loading=\"lazy\" decoding=\"async\" class=\"alignnone  wp-image-82\" src=\"https:\/\/www.aero-drone-normandie.fr\/wp-content\/uploads\/2025\/11\/Logo-transparent-z-300x300.png\" alt=\"ADN 76\" width=\"120\" height=\"120\" srcset=\"https:\/\/www.aero-drone-normandie.fr\/wp-content\/uploads\/2025\/11\/Logo-transparent-z-300x300.png 300w, https:\/\/www.aero-drone-normandie.fr\/wp-content\/uploads\/2025\/11\/Logo-transparent-z-150x150.png 150w, https:\/\/www.aero-drone-normandie.fr\/wp-content\/uploads\/2025\/11\/Logo-transparent-z.png 1024w\" sizes=\"(max-width: 120px) 100vw, 120px\" \/><br \/>Aero<br \/>Drone<br \/>Normandie<\/h2>\n<p>Prises de vues et vid\u00e9os a\u00e9riennes.<br \/>76 &#8211; Rouen<br \/><a href=\"https:\/\/www.aero-drone-normandie.fr\/?page_id=55\">Contact AeroDroneNormandie<\/a><\/p>\t\t\t\t\t\t\t\t<\/div>\n\t\t\t\t<div class=\"elementor-element elementor-element-d2bb800 elementor-widget elementor-widget-html\" data-id=\"d2bb800\" data-element_type=\"widget\" data-e-type=\"widget\" data-widget_type=\"html.default\">\n\t\t\t\t\t<a href=\"https:\/\/metar-taf.com\/fr\/metar\/LFOP\" id=\"metartaf-5A8FAUaz\" style=\"font-size:18px; font-weight:500; color:#000; width:300px; height:435px; display:block\">METAR Rouen Vall\u00e9e de Seine Airport<\/a>\n<script async defer crossorigin=\"anonymous\" src=\"https:\/\/metar-taf.com\/fr\/embed-js\/LFOP?qnh=hPa&rh=rh&target=5A8FAUaz\"><\/script>\t\t\t\t<\/div>\n\t\t\t\t\t<\/div>\n\t\t\t\t<\/div>\n\t\t\t\t<\/div>\n\t\t","protected":false},"excerpt":{"rendered":"<p>Inspections dans l\u2019agriculture Vue\/ carte du champ, \u00e9tat des cultures &#8230; \u00a0 &#8211; Images HDR(High Dynamic Range) et vid\u00e9o ultra HD jusqu\u2019en 4K 60 i\/s et 100 i\/s &#8211; Format RAW et\/ou JPEG 48 Mpx &#8211; Panorama grand angle et sph\u00e8re pour un visionnage 360\u00b0. \u00a0 CONTACT Le drone est [&hellip;]<\/p>\n","protected":false},"author":1,"featured_media":0,"parent":0,"menu_order":0,"comment_status":"closed","ping_status":"closed","template":"page-templates\/homepage-builder-bb.php","meta":{"inspiro_page_layout":"narrow","inspiro_hide_title":false,"footnotes":""},"class_list":["post-53","page","type-page","status-publish","hentry"],"_links":{"self":[{"href":"https:\/\/www.aero-drone-normandie.fr\/index.php\/wp-json\/wp\/v2\/pages\/53","targetHints":{"allow":["GET"]}}],"collection":[{"href":"https:\/\/www.aero-drone-normandie.fr\/index.php\/wp-json\/wp\/v2\/pages"}],"about":[{"href":"https:\/\/www.aero-drone-normandie.fr\/index.php\/wp-json\/wp\/v2\/types\/page"}],"author":[{"embeddable":true,"href":"https:\/\/www.aero-drone-normandie.fr\/index.php\/wp-json\/wp\/v2\/users\/1"}],"replies":[{"embeddable":true,"href":"https:\/\/www.aero-drone-normandie.fr\/index.php\/wp-json\/wp\/v2\/comments?post=53"}],"version-history":[{"count":75,"href":"https:\/\/www.aero-drone-normandie.fr\/index.php\/wp-json\/wp\/v2\/pages\/53\/revisions"}],"predecessor-version":[{"id":495,"href":"https:\/\/www.aero-drone-normandie.fr\/index.php\/wp-json\/wp\/v2\/pages\/53\/revisions\/495"}],"wp:attachment":[{"href":"https:\/\/www.aero-drone-normandie.fr\/index.php\/wp-json\/wp\/v2\/media?parent=53"}],"curies":[{"name":"wp","href":"https:\/\/api.w.org\/{rel}","templated":true}]}}