{"id":206,"date":"2026-01-21T21:44:06","date_gmt":"2026-01-21T20:44:06","guid":{"rendered":"https:\/\/www.aero-drone-normandie.fr\/?page_id=206"},"modified":"2026-02-14T09:29:20","modified_gmt":"2026-02-14T08:29:20","slug":"tarifs","status":"publish","type":"page","link":"https:\/\/www.aero-drone-normandie.fr\/index.php\/tarifs\/","title":{"rendered":"Tarifs"},"content":{"rendered":"\t\t<div data-elementor-type=\"wp-page\" data-elementor-id=\"206\" class=\"elementor elementor-206\">\n\t\t\t\t\t\t<section class=\"elementor-section elementor-top-section elementor-element elementor-element-50998ac6 elementor-section-boxed elementor-section-height-default elementor-section-height-default\" data-id=\"50998ac6\" data-element_type=\"section\" data-e-type=\"section\">\n\t\t\t\t\t\t<div class=\"elementor-container elementor-column-gap-no\">\n\t\t\t\t\t<div class=\"elementor-column elementor-col-100 elementor-top-column elementor-element elementor-element-10bccbe6\" data-id=\"10bccbe6\" data-element_type=\"column\" data-e-type=\"column\">\n\t\t\t<div class=\"elementor-widget-wrap elementor-element-populated\">\n\t\t\t\t\t\t<div class=\"elementor-element elementor-element-7d34b126 elementor-widget elementor-widget-heading\" data-id=\"7d34b126\" data-element_type=\"widget\" data-e-type=\"widget\" data-widget_type=\"heading.default\">\n\t\t\t\t\t<h2 class=\"elementor-heading-title elementor-size-default\">Prestations et tarifs<\/h2>\t\t\t\t<\/div>\n\t\t\t\t<div class=\"elementor-element elementor-element-11ffc792 elementor-widget elementor-widget-image\" data-id=\"11ffc792\" data-element_type=\"widget\" data-e-type=\"widget\" data-widget_type=\"image.default\">\n\t\t\t\t\t\t\t\t\t\t\t\t\t\t\t<img decoding=\"async\" src=\"https:\/\/www.aero-drone-normandie.fr\/wp-content\/uploads\/elementor\/thumbs\/gordon-cowie-JbcOtH0W6UQ-unsplash-rhnhems8dr8azh5e6m69h9swmu5b0xyqk2hem6mao8.jpeg\" title=\"gordon-cowie-JbcOtH0W6UQ-unsplash.jpeg\" alt=\"gordon-cowie-JbcOtH0W6UQ-unsplash.jpeg\" loading=\"lazy\" \/>\t\t\t\t\t\t\t\t\t\t\t\t\t\t\t<\/div>\n\t\t\t\t<section class=\"elementor-section elementor-inner-section elementor-element elementor-element-315d144 elementor-section-full_width elementor-section-height-default elementor-section-height-default\" data-id=\"315d144\" data-element_type=\"section\" data-e-type=\"section\">\n\t\t\t\t\t\t<div class=\"elementor-container elementor-column-gap-no\">\n\t\t\t\t\t<div class=\"elementor-column elementor-col-100 elementor-inner-column elementor-element elementor-element-87915a9\" data-id=\"87915a9\" data-element_type=\"column\" data-e-type=\"column\">\n\t\t\t<div class=\"elementor-widget-wrap elementor-element-populated\">\n\t\t\t\t\t\t<div class=\"elementor-element elementor-element-2acda0cd elementor-widget elementor-widget-text-editor\" data-id=\"2acda0cd\" data-element_type=\"widget\" data-e-type=\"widget\" data-widget_type=\"text-editor.default\">\n\t\t\t\t\t\t\t\t\t<p style=\"text-align: left;\">Mettez un plus dans vos communications professionnelles ou personnelles avec des prises de vues sous un nouveau angle.<\/p><p style=\"text-align: left;\"><b>Des images et des vid\u00e9os \u00e9poustouflantes \u00e0 prix abordables\u00a0:<\/b><\/p><ul><li style=\"list-style-type: none;\"><ul><li style=\"text-align: left;\">R\u00e9alisations d\u2019images de haute qualit\u00e9 HDR(High Dynamic Range), et de vid\u00e9os Ultra Haute D\u00e9finition jusqu\u2019\u00e0 4K 60 i\/s et 100 i\/s ;<\/li><li style=\"text-align: left;\">R\u00e9alisation de Vid\u00e9os en Full HD 60 i\/s et 100 i\/s en mode ralenti ;<\/li><li style=\"text-align: left;\">Exportation possible au format RAW et\/ou JPEG 48 Mpx ;<\/li><li style=\"text-align: left;\">Possibilit\u00e9 d\u2019une prise verticale r\u00e9elle ;<\/li><li style=\"text-align: left;\">Diff\u00e9rentes prises de vues : Panorama grand angle, 180\u00b0, vertical et sph\u00e8re pour un visionnage 360\u00b0;<\/li><li style=\"text-align: left;\">Moyen terrestre\u00a0: Photos 360\u00b0 en 120 MP et vid\u00e9os 360\u00b0 8K en int\u00e9rieur et en ext\u00e9rieur.<\/li><\/ul><\/li><\/ul><h4 style=\"text-align: left;\">Une prestation commence par une \u00e9tude de projet comprenant :<\/h4><ul><li style=\"list-style-type: none;\"><ul><li style=\"text-align: left;\">D\u00e9finition du cadre de la mission (sc\u00e9nario);<\/li><li style=\"text-align: left;\">Identification de la zone d\u2019op\u00e9ration (Zone r\u00e9glement\u00e9e ou pas);<\/li><li style=\"text-align: left;\">Environnement et s\u00e9curit\u00e9 de la zone d\u2019op\u00e9ration ;<\/li><\/ul><\/li><\/ul><h4 style=\"text-align: left;\">Puis apr\u00e8s acception du devis, pr\u00e9paration de la mission :<\/h4><ul><li style=\"list-style-type: none;\"><ul style=\"text-align: left;\"><li>D\u00e9marches administratives ;<\/li><li>NOTAM (Notice To AirMen), SupAIP &#8230;<\/li><li>Prise de la m\u00e9t\u00e9o METAR, TAF, Wintem, indice KP\u2026<\/li><\/ul><\/li><\/ul><h4 style=\"text-align: left;\">Puis la mission :<\/h4><ul><li style=\"list-style-type: none;\"><ul style=\"text-align: left;\"><li>Cheklist mission, briefing et machine;<\/li><li>Informations voisinage\u00a0;<\/li><li>S\u00e9curit\u00e9 et s\u00e9curisation du site\u00a0;<\/li><li>La mission (Prises de vues et\/ou vid\u00e9os a\u00e9riennes\u2026)<\/li><\/ul><\/li><\/ul><h4 style=\"text-align: left;\">Tarification\u00a0:<\/h4><p style=\"text-align: left;\">Le prix d\u2019une mission comprend :<\/p><ul><li style=\"text-align: left;\">Une \u00e9tude compl\u00e8te de vos besoins, et des solutions \u00e0 mettre en \u0153uvre ;<\/li><li style=\"text-align: left;\">Location de drones et cam\u00e9ra 360\u00b0 ;<\/li><li style=\"text-align: left;\">Autorisations sp\u00e9cifiques \u00e0 la mission, d\u00e9clarations pr\u00e9fectorales, protocole a\u00e9roport, zone militaire ou CTR ;<\/li><li style=\"text-align: left;\">Pilote de drone professionnel ;<\/li><li style=\"text-align: left;\">Op\u00e9rateur\/observateur drone en option ;<\/li><li style=\"text-align: left;\">Prestations selon l\u2019\u00e9tude en amont ;<\/li><li style=\"text-align: left;\">Livraison des rushs via un espace s\u00e9curis\u00e9 ;<\/li><li style=\"text-align: left;\">En tant que professionnel, je suis soumis \u00e0 des obligations : Frais d\u2019assurance, entreprise d\u00e9clar\u00e9e, brevet de t\u00e9l\u00e9pilote, etc. ;<\/li><li style=\"text-align: left;\">Les frais de d\u00e9placement dans un rayon de 20 km autour de Rouen, au del\u00e0 un forfait kilom\u00e9trique sera ajout\u00e9 en s\u2019appuyant sur les calculs de viamichelin ;<\/li><li style=\"text-align: left;\">Les frais \u00e9ventuelles de restauration.<\/li><\/ul><p style=\"text-align: left;\">La tarification est calcul\u00e9e au plus juste suivant vos besoins.<br \/>Ainsi les tarifs peuvent varier suivant le lieu, le sc\u00e9nario envisag\u00e9, les d\u00e9marches administratives, les mesures pr\u00e9ventives \u00e0 mettre en place, la dur\u00e9e de pr\u00e9sence sur place.<br \/>Les prestations sont calcul\u00e9es soit \u00e0 l\u2019heure (80\u20ac \u00e0 titre indicatif), soit \u00e0 la demi-journ\u00e9e, ou soit \u00e0 la journ\u00e9e.<\/p>\t\t\t\t\t\t\t\t<\/div>\n\t\t\t\t<div class=\"elementor-element elementor-element-270769a3 elementor-align-center elementor-widget elementor-widget-button\" data-id=\"270769a3\" data-element_type=\"widget\" data-e-type=\"widget\" data-widget_type=\"button.default\">\n\t\t\t\t\t\t\t\t\t\t<a class=\"elementor-button elementor-button-link elementor-size-md\" href=\"https:\/\/www.aero-drone-normandie.fr\/?page_id=55\">\n\t\t\t\t\t\t<span class=\"elementor-button-content-wrapper\">\n\t\t\t\t\t\t\t\t\t<span class=\"elementor-button-text\">Demandez un devis \/ Prendre contact<\/span>\n\t\t\t\t\t<\/span>\n\t\t\t\t\t<\/a>\n\t\t\t\t\t\t\t\t<\/div>\n\t\t\t\t\t<\/div>\n\t\t<\/div>\n\t\t\t\t\t<\/div>\n\t\t<\/section>\n\t\t\t\t\t<\/div>\n\t\t<\/div>\n\t\t\t\t\t<\/div>\n\t\t<\/section>\n\t\t\t\t<\/div>\n\t\t","protected":false},"excerpt":{"rendered":"<p>Prestations et tarifs Mettez un plus dans vos communications professionnelles ou personnelles avec des prises de vues sous un nouveau angle. Des images et des vid\u00e9os \u00e9poustouflantes \u00e0 prix abordables\u00a0: R\u00e9alisations d\u2019images de haute qualit\u00e9 HDR(High Dynamic Range), et de vid\u00e9os Ultra Haute D\u00e9finition jusqu\u2019\u00e0 4K 60 i\/s et 100 [&hellip;]<\/p>\n","protected":false},"author":1,"featured_media":159,"parent":0,"menu_order":0,"comment_status":"closed","ping_status":"closed","template":"elementor_theme","meta":{"inspiro_page_layout":"narrow","inspiro_hide_title":false,"footnotes":""},"class_list":["post-206","page","type-page","status-publish","has-post-thumbnail","hentry"],"_links":{"self":[{"href":"https:\/\/www.aero-drone-normandie.fr\/index.php\/wp-json\/wp\/v2\/pages\/206","targetHints":{"allow":["GET"]}}],"collection":[{"href":"https:\/\/www.aero-drone-normandie.fr\/index.php\/wp-json\/wp\/v2\/pages"}],"about":[{"href":"https:\/\/www.aero-drone-normandie.fr\/index.php\/wp-json\/wp\/v2\/types\/page"}],"author":[{"embeddable":true,"href":"https:\/\/www.aero-drone-normandie.fr\/index.php\/wp-json\/wp\/v2\/users\/1"}],"replies":[{"embeddable":true,"href":"https:\/\/www.aero-drone-normandie.fr\/index.php\/wp-json\/wp\/v2\/comments?post=206"}],"version-history":[{"count":38,"href":"https:\/\/www.aero-drone-normandie.fr\/index.php\/wp-json\/wp\/v2\/pages\/206\/revisions"}],"predecessor-version":[{"id":539,"href":"https:\/\/www.aero-drone-normandie.fr\/index.php\/wp-json\/wp\/v2\/pages\/206\/revisions\/539"}],"wp:featuredmedia":[{"embeddable":true,"href":"https:\/\/www.aero-drone-normandie.fr\/index.php\/wp-json\/wp\/v2\/media\/159"}],"wp:attachment":[{"href":"https:\/\/www.aero-drone-normandie.fr\/index.php\/wp-json\/wp\/v2\/media?parent=206"}],"curies":[{"name":"wp","href":"https:\/\/api.w.org\/{rel}","templated":true}]}}